{"id":130,"date":"2025-12-30T18:11:55","date_gmt":"2025-12-30T17:11:55","guid":{"rendered":"https:\/\/enerval.net\/?page_id=130"},"modified":"2026-01-03T19:55:09","modified_gmt":"2026-01-03T18:55:09","slug":"aviso-legal","status":"publish","type":"page","link":"https:\/\/enerval.net\/?page_id=130","title":{"rendered":"AVISO LEGAL"},"content":{"rendered":"\n<p><strong>Titularidad del sitio web<\/strong><\/p>\n\n\n\n<p><br>En cumplimiento de la Ley 34\/2002, de 11 de julio, de Servicios de la Sociedad de la Informaci\u00f3n y del Comercio Electr\u00f3nico (LSSI-CE), se informa que el presente sitio web es propiedad de ENERG\u00cdA VALENCIANA S.L., con domicilio en Calle Pepe Alba 7 Bj 46022 &#8211; (Valencia) &#8211; Valencia, CIF <strong>B96742325<\/strong>, e inscrita en el Registro Mercantil de Valencia.<\/p>\n\n\n\n<p><br><strong>Contacto<\/strong><\/p>\n\n\n\n<p>TFNO: 96 330 59 47<\/p>\n\n\n\n<p>EMAIL: enerval@enerval.net<\/p>\n\n\n\n<p><strong>Objeto del sitio web<\/strong><\/p>\n\n\n\n<p>El presente sitio web tiene como finalidad ofrecer informaci\u00f3n sobre los servicios el\u00e9ctricos prestados por ENERG\u00cdA VALENCIANA S.L. a comunidades de propietarios, parkings, locales y empresas.<\/p>\n\n\n\n<p><br><strong>Propiedad intelectual e industrial<\/strong><\/p>\n\n\n\n<p><br>Todos los contenidos del sitio web (textos, im\u00e1genes, logotipos, iconos, dise\u00f1o gr\u00e1fico, etc.) son propiedad de ENERG\u00cdA VALENCIANA S.L. o de terceros autorizados. Queda prohibida su reproducci\u00f3n total o parcial sin autorizaci\u00f3n expresa.<\/p>\n\n\n\n<p><br><strong>Responsabilidad del contenido<\/strong><\/p>\n\n\n\n<p><br>ENERG\u00cdA VALENCIANA S.L. no se responsabiliza del mal uso que se realice de la informaci\u00f3n del sitio web ni de posibles errores t\u00e9cnicos o interrupciones del servicio.<\/p>\n\n\n\n<p><br><strong>Enlaces externos<\/strong><\/p>\n\n\n\n<p><br>Este sitio puede contener enlaces a p\u00e1ginas de terceros. ENERG\u00cdA VALENCIANA S.L. no se responsabiliza del contenido ni de las pol\u00edticas de dichos sitios.<\/p>\n","protected":false},"excerpt":{"rendered":"<p>Titularidad del sitio web En cumplimiento de la Ley 34\/2002, de 11 de julio, de Servicios de la Sociedad de la Informaci\u00f3n y del Comercio Electr\u00f3nico (LSSI-CE), se informa que el presente sitio web es propiedad de ENERG\u00cdA VALENCIANA S.L., con domicilio en Calle Pepe Alba 7 Bj 46022 &#8211; (Valencia) &#8211; Valencia, CIF B96742325, [&hellip;]<\/p>\n","protected":false},"author":1,"featured_media":0,"parent":0,"menu_order":0,"comment_status":"closed","ping_status":"closed","template":"","meta":{"footnotes":""},"class_list":["post-130","page","type-page","status-publish","hentry"],"_links":{"self":[{"href":"https:\/\/enerval.net\/index.php?rest_route=\/wp\/v2\/pages\/130","targetHints":{"allow":["GET"]}}],"collection":[{"href":"https:\/\/enerval.net\/index.php?rest_route=\/wp\/v2\/pages"}],"about":[{"href":"https:\/\/enerval.net\/index.php?rest_route=\/wp\/v2\/types\/page"}],"author":[{"embeddable":true,"href":"https:\/\/enerval.net\/index.php?rest_route=\/wp\/v2\/users\/1"}],"replies":[{"embeddable":true,"href":"https:\/\/enerval.net\/index.php?rest_route=%2Fwp%2Fv2%2Fcomments&post=130"}],"version-history":[{"count":3,"href":"https:\/\/enerval.net\/index.php?rest_route=\/wp\/v2\/pages\/130\/revisions"}],"predecessor-version":[{"id":205,"href":"https:\/\/enerval.net\/index.php?rest_route=\/wp\/v2\/pages\/130\/revisions\/205"}],"wp:attachment":[{"href":"https:\/\/enerval.net\/index.php?rest_route=%2Fwp%2Fv2%2Fmedia&parent=130"}],"curies":[{"name":"wp","href":"https:\/\/api.w.org\/{rel}","templated":true}]}}