{"id":132,"date":"2025-12-30T18:17:39","date_gmt":"2025-12-30T17:17:39","guid":{"rendered":"https:\/\/enerval.net\/?page_id=132"},"modified":"2025-12-30T18:17:58","modified_gmt":"2025-12-30T17:17:58","slug":"politica-de-privacidad-rgpd","status":"publish","type":"page","link":"https:\/\/enerval.net\/?page_id=132","title":{"rendered":"POL\u00cdTICA DE PRIVACIDAD (RGPD)"},"content":{"rendered":"\n<div class=\"wp-block-columns alignwide is-layout-flex wp-container-core-columns-is-layout-28f84493 wp-block-columns-is-layout-flex\">\n<div class=\"wp-block-column is-layout-flow wp-block-column-is-layout-flow\" style=\"flex-basis:100%\">\n<p><strong>POL\u00cdTICA DE PRIVACIDAD (RGPD)<\/strong><\/p>\n<\/div>\n<\/div>\n\n\n\n<p><br><strong>Finalidad del tratamiento<\/strong><\/p>\n\n\n\n<ul class=\"wp-block-list\">\n<li>Los datos personales recogidos a trav\u00e9s del formulario de contacto, correo electr\u00f3nico o tel\u00e9fono se utilizan para:<\/li>\n\n\n\n<li>Gestionar solicitudes de informaci\u00f3n.<\/li>\n\n\n\n<li>Elaborar presupuestos.<\/li>\n\n\n\n<li>Prestar servicios el\u00e9ctricos y realizar su seguimiento.<\/li>\n\n\n\n<li>Enviar comunicaciones relacionadas con los servicios contratados.<\/li>\n<\/ul>\n\n\n\n<p><br><strong>Legitimaci\u00f3n<\/strong><br>La base legal para el tratamiento es:<br>El consentimiento del usuario.<br>La ejecuci\u00f3n de un contrato o medidas precontractuales.<br>El cumplimiento de obligaciones legales.<\/p>\n\n\n\n<p><br><strong>Conservaci\u00f3n de los datos<\/strong><br>Los datos se conservar\u00e1n mientras exista relaci\u00f3n comercial o durante los plazos legales aplicables.<\/p>\n\n\n\n<p><br><strong>Destinatarios<\/strong><br>No se ceder\u00e1n datos a terceros salvo obligaci\u00f3n legal o necesidad para la prestaci\u00f3n del servicio (por ejemplo, proveedores t\u00e9cnicos o empresas de mantenimiento).<\/p>\n\n\n\n<p><br><strong>Derechos del usuario.<\/strong><br>El usuario puede ejercer sus derechos de acceso, rectificaci\u00f3n, supresi\u00f3n, oposici\u00f3n, limitaci\u00f3n y portabilidad enviando un correo a enerval@enerval.net indicando \u201cProtecci\u00f3n de Datos\u201d.<\/p>\n\n\n\n<p><br><strong>Medidas de seguridad<\/strong><br>ENERG\u00cdA VALENCIANA S.L. aplica medidas t\u00e9cnicas y organizativas para garantizar la seguridad y confidencialidad de los datos.<\/p>\n\n\n\n<p><\/p>\n","protected":false},"excerpt":{"rendered":"<p>POL\u00cdTICA DE PRIVACIDAD (RGPD) Finalidad del tratamiento Legitimaci\u00f3nLa base legal para el tratamiento es:El consentimiento del usuario.La ejecuci\u00f3n de un contrato o medidas precontractuales.El cumplimiento de obligaciones legales. Conservaci\u00f3n de los datosLos datos se conservar\u00e1n mientras exista relaci\u00f3n comercial o durante los plazos legales aplicables. DestinatariosNo se ceder\u00e1n datos a terceros salvo obligaci\u00f3n legal o [&hellip;]<\/p>\n","protected":false},"author":1,"featured_media":0,"parent":0,"menu_order":0,"comment_status":"closed","ping_status":"closed","template":"","meta":{"footnotes":""},"class_list":["post-132","page","type-page","status-publish","hentry"],"_links":{"self":[{"href":"https:\/\/enerval.net\/index.php?rest_route=\/wp\/v2\/pages\/132","targetHints":{"allow":["GET"]}}],"collection":[{"href":"https:\/\/enerval.net\/index.php?rest_route=\/wp\/v2\/pages"}],"about":[{"href":"https:\/\/enerval.net\/index.php?rest_route=\/wp\/v2\/types\/page"}],"author":[{"embeddable":true,"href":"https:\/\/enerval.net\/index.php?rest_route=\/wp\/v2\/users\/1"}],"replies":[{"embeddable":true,"href":"https:\/\/enerval.net\/index.php?rest_route=%2Fwp%2Fv2%2Fcomments&post=132"}],"version-history":[{"count":2,"href":"https:\/\/enerval.net\/index.php?rest_route=\/wp\/v2\/pages\/132\/revisions"}],"predecessor-version":[{"id":134,"href":"https:\/\/enerval.net\/index.php?rest_route=\/wp\/v2\/pages\/132\/revisions\/134"}],"wp:attachment":[{"href":"https:\/\/enerval.net\/index.php?rest_route=%2Fwp%2Fv2%2Fmedia&parent=132"}],"curies":[{"name":"wp","href":"https:\/\/api.w.org\/{rel}","templated":true}]}}