{"id":135,"date":"2025-12-30T18:20:38","date_gmt":"2025-12-30T17:20:38","guid":{"rendered":"https:\/\/enerval.net\/?page_id=135"},"modified":"2025-12-30T19:14:51","modified_gmt":"2025-12-30T18:14:51","slug":"politica-de-cookies","status":"publish","type":"page","link":"https:\/\/enerval.net\/?page_id=135","title":{"rendered":"POL\u00cdTICA DE COOKIES"},"content":{"rendered":"\n<p><br><strong>\u00bfQu\u00e9 son las cookies?<\/strong><br>Son peque\u00f1os archivos que se almacenan en el navegador del usuario para mejorar la experiencia de navegaci\u00f3n y analizar el uso del sitio web.<\/p>\n\n\n\n<p><br><strong>Tipos de cookies utilizadas<\/strong><\/p>\n\n\n\n<ul class=\"wp-block-list\">\n<li>Cookies t\u00e9cnicas: necesarias para el funcionamiento del sitio.<\/li>\n\n\n\n<li>Cookies de an\u00e1lisis: permiten medir el tr\u00e1fico y uso del sitio.<\/li>\n\n\n\n<li>Cookies de terceros: como Google Analytics o herramientas similares.<\/li>\n<\/ul>\n\n\n\n<p><br><strong>Gesti\u00f3n de cookies<\/strong><br>El usuario puede aceptar, rechazar o configurar las cookies desde el banner inicial o desde la configuraci\u00f3n del navegador.<\/p>\n\n\n\n<p><br><strong>Desactivaci\u00f3n<\/strong><br>El usuario puede desactivar las cookies en cualquier momento desde su navegador, aunque algunas funciones del sitio pueden verse afectadas.<\/p>\n\n\n\n<p>Para gestionar las cookies y tecnolog\u00edas similares utilizadas (p\u00edxeles de seguimiento, balizas web, etc.), adem\u00e1s de los consentimientos relacionados, utilizamos la herramienta de consentimiento \u00abReal Cookie Banner\u00bb. Encontrar\u00e1 informaci\u00f3n detallada sobre el funcionamiento de \u00abReal Cookie Banner\u00bb en <a href=\"https:\/\/devowl.io\/rcb\/data-processing\/\" rel=\"noreferrer noopener\" target=\"_blank\">https:\/\/devowl.io\/rcb\/data-processing\/<\/a>.<\/p>\n\n\n\n<p>La base jur\u00eddica para el tratamiento de datos personales en este contexto es el Art\u00edculo 6 (1) (c) y el Art\u00edculo 6 (1) (f) del RGPD. Nuestro inter\u00e9s leg\u00edtimo es la gesti\u00f3n de las cookies y tecnolog\u00edas similares utilizadas, as\u00ed como los consentimientos relacionados a las mismas.<\/p>\n\n\n\n<p>El suministro de datos personales no es obligatorio ni necesario para la celebraci\u00f3n de un contrato. Usted no est\u00e1 obligado a facilitar los datos personales pero si no los facilita, no podremos gestionar sus consentimientos.<\/p>\n\n\n\n<p><\/p>\n","protected":false},"excerpt":{"rendered":"<p>\u00bfQu\u00e9 son las cookies?Son peque\u00f1os archivos que se almacenan en el navegador del usuario para mejorar la experiencia de navegaci\u00f3n y analizar el uso del sitio web. Tipos de cookies utilizadas Gesti\u00f3n de cookiesEl usuario puede aceptar, rechazar o configurar las cookies desde el banner inicial o desde la configuraci\u00f3n del navegador. Desactivaci\u00f3nEl usuario puede [&hellip;]<\/p>\n","protected":false},"author":1,"featured_media":0,"parent":0,"menu_order":0,"comment_status":"closed","ping_status":"closed","template":"","meta":{"footnotes":""},"class_list":["post-135","page","type-page","status-publish","hentry"],"_links":{"self":[{"href":"https:\/\/enerval.net\/index.php?rest_route=\/wp\/v2\/pages\/135","targetHints":{"allow":["GET"]}}],"collection":[{"href":"https:\/\/enerval.net\/index.php?rest_route=\/wp\/v2\/pages"}],"about":[{"href":"https:\/\/enerval.net\/index.php?rest_route=\/wp\/v2\/types\/page"}],"author":[{"embeddable":true,"href":"https:\/\/enerval.net\/index.php?rest_route=\/wp\/v2\/users\/1"}],"replies":[{"embeddable":true,"href":"https:\/\/enerval.net\/index.php?rest_route=%2Fwp%2Fv2%2Fcomments&post=135"}],"version-history":[{"count":3,"href":"https:\/\/enerval.net\/index.php?rest_route=\/wp\/v2\/pages\/135\/revisions"}],"predecessor-version":[{"id":165,"href":"https:\/\/enerval.net\/index.php?rest_route=\/wp\/v2\/pages\/135\/revisions\/165"}],"wp:attachment":[{"href":"https:\/\/enerval.net\/index.php?rest_route=%2Fwp%2Fv2%2Fmedia&parent=135"}],"curies":[{"name":"wp","href":"https:\/\/api.w.org\/{rel}","templated":true}]}}