{"id":14,"date":"2016-04-16T21:15:15","date_gmt":"2016-04-16T21:15:15","guid":{"rendered":"https:\/\/enerval.net\/?page_id=14"},"modified":"2016-04-16T21:21:01","modified_gmt":"2016-04-16T21:21:01","slug":"ahorro-energetico","status":"publish","type":"page","link":"https:\/\/enerval.net\/?page_id=14","title":{"rendered":"Ahorro Energ\u00e9tico"},"content":{"rendered":"<p>Asesoramos a nuestros clientes antes los continuos cambios del mercado, tanto en contrataciones con compa\u00f1\u00edas suministradoras as\u00ed como en los nuevos productos de ahorro energ\u00e9tico (l\u00e1mparas bajo consumo, radiadores\u2026)<\/p>\n<p>No dude en contactarnos para que podamos asesorarle.<\/p>\n<p><img loading=\"lazy\" decoding=\"async\" class=\"aligncenter size-medium wp-image-24\" src=\"https:\/\/enerval.net\/wp-content\/uploads\/2016\/04\/ahorro-energetico-300x225.jpg\" alt=\"ahorro-energetico\" width=\"300\" height=\"225\" srcset=\"https:\/\/enerval.net\/wp-content\/uploads\/2016\/04\/ahorro-energetico-300x225.jpg 300w, https:\/\/enerval.net\/wp-content\/uploads\/2016\/04\/ahorro-energetico.jpg 400w\" sizes=\"auto, (max-width: 300px) 100vw, 300px\" \/><\/p>\n","protected":false},"excerpt":{"rendered":"<p>Asesoramos a nuestros clientes antes los continuos cambios del mercado, tanto en contrataciones con compa\u00f1\u00edas suministradoras as\u00ed como en los nuevos productos de ahorro energ\u00e9tico (l\u00e1mparas bajo consumo, radiadores\u2026) No dude en contactarnos para que podamos asesorarle.<\/p>\n","protected":false},"author":1,"featured_media":0,"parent":0,"menu_order":0,"comment_status":"closed","ping_status":"closed","template":"","meta":{"footnotes":""},"class_list":["post-14","page","type-page","status-publish","hentry"],"_links":{"self":[{"href":"https:\/\/enerval.net\/index.php?rest_route=\/wp\/v2\/pages\/14","targetHints":{"allow":["GET"]}}],"collection":[{"href":"https:\/\/enerval.net\/index.php?rest_route=\/wp\/v2\/pages"}],"about":[{"href":"https:\/\/enerval.net\/index.php?rest_route=\/wp\/v2\/types\/page"}],"author":[{"embeddable":true,"href":"https:\/\/enerval.net\/index.php?rest_route=\/wp\/v2\/users\/1"}],"replies":[{"embeddable":true,"href":"https:\/\/enerval.net\/index.php?rest_route=%2Fwp%2Fv2%2Fcomments&post=14"}],"version-history":[{"count":2,"href":"https:\/\/enerval.net\/index.php?rest_route=\/wp\/v2\/pages\/14\/revisions"}],"predecessor-version":[{"id":25,"href":"https:\/\/enerval.net\/index.php?rest_route=\/wp\/v2\/pages\/14\/revisions\/25"}],"wp:attachment":[{"href":"https:\/\/enerval.net\/index.php?rest_route=%2Fwp%2Fv2%2Fmedia&parent=14"}],"curies":[{"name":"wp","href":"https:\/\/api.w.org\/{rel}","templated":true}]}}