{"id":174,"date":"2026-01-03T19:12:29","date_gmt":"2026-01-03T18:12:29","guid":{"rendered":"https:\/\/enerval.net\/?page_id=174"},"modified":"2026-01-03T19:33:29","modified_gmt":"2026-01-03T18:33:29","slug":"aviso-de-averia","status":"publish","type":"page","link":"https:\/\/enerval.net\/?page_id=174","title":{"rendered":"Aviso de Aver\u00eda"},"content":{"rendered":"<style id=\"wpforms-css-vars-167-block-a82598b6-6514-44bf-8f74-5c663a69663a\">\n\t\t\t\t#wpforms-167.wpforms-block-a82598b6-6514-44bf-8f74-5c663a69663a {\n\t\t\t\t--wpforms-field-size-input-height: 43px;\n--wpforms-field-size-input-spacing: 15px;\n--wpforms-field-size-font-size: 16px;\n--wpforms-field-size-line-height: 19px;\n--wpforms-field-size-padding-h: 14px;\n--wpforms-field-size-checkbox-size: 16px;\n--wpforms-field-size-sublabel-spacing: 5px;\n--wpforms-field-size-icon-size: 1;\n--wpforms-label-size-font-size: 16px;\n--wpforms-label-size-line-height: 19px;\n--wpforms-label-size-sublabel-font-size: 14px;\n--wpforms-label-size-sublabel-line-height: 17px;\n--wpforms-button-size-font-size: 17px;\n--wpforms-button-size-height: 41px;\n--wpforms-button-size-padding-h: 15px;\n--wpforms-button-size-margin-top: 10px;\n\t\t\t}\n\t\t\t<\/style><div class=\"wpforms-container wpforms-container-full wpforms-block wpforms-block-a82598b6-6514-44bf-8f74-5c663a69663a wpforms-render-modern\" id=\"wpforms-167\"><form id=\"wpforms-form-167\" class=\"wpforms-validate wpforms-form wpforms-ajax-form\" data-formid=\"167\" method=\"post\" enctype=\"multipart\/form-data\" action=\"\/index.php?rest_route=%2Fwp%2Fv2%2Fpages%2F174\" data-token=\"820f1dc8f68b9ff965b690041aa88f2d\" data-token-time=\"1777984911\"><noscript class=\"wpforms-error-noscript\">Por favor, activa JavaScript en tu navegador para completar este formulario.<\/noscript><div id=\"wpforms-error-noscript\" style=\"display: none;\">Por favor, activa JavaScript en tu navegador para completar este formulario.<\/div><div class=\"wpforms-field-container\"><div id=\"wpforms-167-field_1-container\" class=\"wpforms-field wpforms-field-name\" data-field-id=\"1\"><fieldset><legend class=\"wpforms-field-label\">Nombre <span class=\"wpforms-required-label\" aria-hidden=\"true\">*<\/span><\/legend><div class=\"wpforms-field-row wpforms-field-medium\"><div class=\"wpforms-field-row-block wpforms-first wpforms-one-half\"><input type=\"text\" id=\"wpforms-167-field_1\" class=\"wpforms-field-name-first wpforms-field-required\" name=\"wpforms[fields][1][first]\" aria-errormessage=\"wpforms-167-field_1-error\" required><label for=\"wpforms-167-field_1\" class=\"wpforms-field-sublabel after\">Nombre<\/label><\/div><div class=\"wpforms-field-row-block wpforms-one-half\"><input type=\"text\" id=\"wpforms-167-field_1-last\" class=\"wpforms-field-name-last wpforms-field-required\" name=\"wpforms[fields][1][last]\" aria-errormessage=\"wpforms-167-field_1-last-error\" required><label for=\"wpforms-167-field_1-last\" class=\"wpforms-field-sublabel after\">Apellidos<\/label><\/div><\/div><\/fieldset><\/div><div id=\"wpforms-167-field_4-container\" class=\"wpforms-field wpforms-field-number\" data-field-id=\"4\"><label class=\"wpforms-field-label\" for=\"wpforms-167-field_4\">N\u00ba tel\u00e9fono de contacto <span class=\"wpforms-required-label\" aria-hidden=\"true\">*<\/span><\/label><input type=\"number\" id=\"wpforms-167-field_4\" class=\"wpforms-field-small wpforms-field-required\" name=\"wpforms[fields][4]\" step=\"any\" aria-errormessage=\"wpforms-167-field_4-error\" required><\/div><div id=\"wpforms-167-field_2-container\" class=\"wpforms-field wpforms-field-email\" data-field-id=\"2\"><label class=\"wpforms-field-label\" for=\"wpforms-167-field_2\">Correo electr\u00f3nico <span class=\"wpforms-required-label\" aria-hidden=\"true\">*<\/span><\/label><input type=\"email\" id=\"wpforms-167-field_2\" class=\"wpforms-field-medium wpforms-field-required\" name=\"wpforms[fields][2]\" spellcheck=\"false\" aria-errormessage=\"wpforms-167-field_2-error\" required><\/div><div id=\"wpforms-167-field_5-container\" class=\"wpforms-field wpforms-field-checkbox wpforms-list-3-columns\" data-field-id=\"5\"><fieldset><legend class=\"wpforms-field-label\">Prioridad <span class=\"wpforms-required-label\" aria-hidden=\"true\">*<\/span><\/legend><ul id=\"wpforms-167-field_5\" class=\"wpforms-field-required\"><li class=\"choice-1 depth-1\"><input type=\"checkbox\" id=\"wpforms-167-field_5_1\" name=\"wpforms[fields][5][]\" value=\"URGENTE\" aria-errormessage=\"wpforms-167-field_5_1-error\" required ><label class=\"wpforms-field-label-inline\" for=\"wpforms-167-field_5_1\">URGENTE<\/label><\/li><li class=\"choice-2 depth-1\"><input type=\"checkbox\" id=\"wpforms-167-field_5_2\" name=\"wpforms[fields][5][]\" value=\"NORMAL\" aria-errormessage=\"wpforms-167-field_5_2-error\" required ><label class=\"wpforms-field-label-inline\" for=\"wpforms-167-field_5_2\">NORMAL<\/label><\/li><li class=\"choice-3 depth-1\"><input type=\"checkbox\" id=\"wpforms-167-field_5_3\" name=\"wpforms[fields][5][]\" value=\"BAJA\" aria-errormessage=\"wpforms-167-field_5_3-error\" required ><label class=\"wpforms-field-label-inline\" for=\"wpforms-167-field_5_3\">BAJA<\/label><\/li><\/ul><\/fieldset><\/div>\t\t<div id=\"wpforms-167-field_6-container\"\n\t\t\tclass=\"wpforms-field wpforms-field-text\"\n\t\t\tdata-field-type=\"text\"\n\t\t\tdata-field-id=\"6\"\n\t\t\t>\n\t\t\t<label class=\"wpforms-field-label\" for=\"wpforms-167-field_6\" >Nombre contacto N\u00ba<\/label>\n\t\t\t<input type=\"text\" id=\"wpforms-167-field_6\" class=\"wpforms-field-medium\" name=\"wpforms[fields][6]\" >\n\t\t<\/div>\n\t\t<div id=\"wpforms-167-field_3-container\" class=\"wpforms-field wpforms-field-textarea\" data-field-id=\"3\"><label class=\"wpforms-field-label\" for=\"wpforms-167-field_3\">Indique la aver\u00eda lo m\u00e1s detallado posible <span class=\"wpforms-required-label\" aria-hidden=\"true\">*<\/span><\/label><textarea id=\"wpforms-167-field_3\" class=\"wpforms-field-medium wpforms-field-required\" name=\"wpforms[fields][3]\" aria-errormessage=\"wpforms-167-field_3-error\" required><\/textarea><\/div><script>\n\t\t\t\t( function() {\n\t\t\t\t\tconst style = document.createElement( 'style' );\n\t\t\t\t\tstyle.appendChild( document.createTextNode( '#wpforms-167-field_6-container { position: absolute !important; overflow: hidden !important; display: inline !important; height: 1px !important; width: 1px !important; z-index: -1000 !important; padding: 0 !important; } #wpforms-167-field_6-container input { visibility: hidden; } #wpforms-conversational-form-page #wpforms-167-field_6-container label { counter-increment: none; }' ) );\n\t\t\t\t\tdocument.head.appendChild( style );\n\t\t\t\t\tdocument.currentScript?.remove();\n\t\t\t\t} )();\n\t\t\t<\/script><\/div><!-- .wpforms-field-container --><div class=\"wpforms-submit-container\" ><input type=\"hidden\" name=\"wpforms[id]\" value=\"167\"><input type=\"hidden\" name=\"page_title\" value=\"\"><input type=\"hidden\" name=\"page_url\" value=\"https:\/\/enerval.net\/index.php?rest_route=\/wp\/v2\/pages\/174\"><input type=\"hidden\" name=\"url_referer\" value=\"\"><button type=\"submit\" name=\"wpforms[submit]\" id=\"wpforms-submit-167\" class=\"wpforms-submit\" data-alt-text=\"Enviando...\" data-submit-text=\"Enviar\" aria-live=\"assertive\" value=\"wpforms-submit\">Enviar<\/button><img loading=\"lazy\" decoding=\"async\" src=\"https:\/\/enerval.net\/wp-content\/plugins\/wpforms-lite\/assets\/images\/submit-spin.svg\" class=\"wpforms-submit-spinner\" style=\"display: none;\" width=\"26\" height=\"26\" alt=\"Cargando\"><\/div><\/form><\/div>  <!-- .wpforms-container -->\n\n\n<div class=\"wp-block-media-text is-stacked-on-mobile\" style=\"grid-template-columns:20% auto\"><figure class=\"wp-block-media-text__media\"><img loading=\"lazy\" decoding=\"async\" width=\"1024\" height=\"683\" src=\"https:\/\/enerval.net\/wp-content\/uploads\/2026\/01\/pexels-rdne-5756660-1024x683.jpg\" alt=\"\" class=\"wp-image-187 size-full\" srcset=\"https:\/\/enerval.net\/wp-content\/uploads\/2026\/01\/pexels-rdne-5756660-1024x683.jpg 1024w, https:\/\/enerval.net\/wp-content\/uploads\/2026\/01\/pexels-rdne-5756660-300x200.jpg 300w, https:\/\/enerval.net\/wp-content\/uploads\/2026\/01\/pexels-rdne-5756660-768x512.jpg 768w, https:\/\/enerval.net\/wp-content\/uploads\/2026\/01\/pexels-rdne-5756660-1536x1024.jpg 1536w, https:\/\/enerval.net\/wp-content\/uploads\/2026\/01\/pexels-rdne-5756660-2048x1365.jpg 2048w\" sizes=\"auto, (max-width: 1024px) 100vw, 1024px\" \/><\/figure><div class=\"wp-block-media-text__content\">\n<p><strong>Aviso importante<\/strong><br>Este formulario permite comunicar una posible aver\u00eda para su valoraci\u00f3n. El env\u00edo de este aviso no implica la formalizaci\u00f3n de un contrato, ni garantiza la prestaci\u00f3n inmediata del servicio.<br>Describa \u00fanicamente la incidencia de la forma m\u00e1s objetiva posible.<br>Si la aver\u00eda requiere atenci\u00f3n urgente, contacte tambi\u00e9n por tel\u00e9fono para asegurar la correcta recepci\u00f3n del aviso y agilizar la gesti\u00f3n.<br>Los avisos se atender\u00e1n lo antes posible, siguiendo el orden y la disponibilidad del servicio.<\/p>\n\n\n\n<p>Muchas gracias por su colaboraci\u00f3n.<\/p>\n<\/div><\/div>\n\n\n\n<p><\/p>\n","protected":false},"excerpt":{"rendered":"<p>Aviso importanteEste formulario permite comunicar una posible aver\u00eda para su valoraci\u00f3n. El env\u00edo de este aviso no implica la formalizaci\u00f3n de un contrato, ni garantiza la prestaci\u00f3n inmediata del servicio.Describa \u00fanicamente la incidencia de la forma m\u00e1s objetiva posible.Si la aver\u00eda requiere atenci\u00f3n urgente, contacte tambi\u00e9n por tel\u00e9fono para asegurar la correcta recepci\u00f3n del aviso [&hellip;]<\/p>\n","protected":false},"author":1,"featured_media":0,"parent":0,"menu_order":0,"comment_status":"closed","ping_status":"closed","template":"","meta":{"footnotes":""},"class_list":["post-174","page","type-page","status-publish","hentry"],"_links":{"self":[{"href":"https:\/\/enerval.net\/index.php?rest_route=\/wp\/v2\/pages\/174","targetHints":{"allow":["GET"]}}],"collection":[{"href":"https:\/\/enerval.net\/index.php?rest_route=\/wp\/v2\/pages"}],"about":[{"href":"https:\/\/enerval.net\/index.php?rest_route=\/wp\/v2\/types\/page"}],"author":[{"embeddable":true,"href":"https:\/\/enerval.net\/index.php?rest_route=\/wp\/v2\/users\/1"}],"replies":[{"embeddable":true,"href":"https:\/\/enerval.net\/index.php?rest_route=%2Fwp%2Fv2%2Fcomments&post=174"}],"version-history":[{"count":3,"href":"https:\/\/enerval.net\/index.php?rest_route=\/wp\/v2\/pages\/174\/revisions"}],"predecessor-version":[{"id":188,"href":"https:\/\/enerval.net\/index.php?rest_route=\/wp\/v2\/pages\/174\/revisions\/188"}],"wp:attachment":[{"href":"https:\/\/enerval.net\/index.php?rest_route=%2Fwp%2Fv2%2Fmedia&parent=174"}],"curies":[{"name":"wp","href":"https:\/\/api.w.org\/{rel}","templated":true}]}}