{"id":189,"date":"2026-01-03T19:36:37","date_gmt":"2026-01-03T18:36:37","guid":{"rendered":"https:\/\/enerval.net\/?page_id=189"},"modified":"2026-01-03T19:39:43","modified_gmt":"2026-01-03T18:39:43","slug":"formulario-de-informacion-general","status":"publish","type":"page","link":"https:\/\/enerval.net\/?page_id=189","title":{"rendered":"Solicitud de Oferta y\/o Servicios"},"content":{"rendered":"\n<div class=\"wp-block-columns is-layout-flex wp-container-core-columns-is-layout-28f84493 wp-block-columns-is-layout-flex\">\n<div class=\"wp-block-column is-layout-flow wp-block-column-is-layout-flow\">\n<details class=\"wp-block-details is-layout-flow wp-block-details-is-layout-flow\"><summary>Estamos aqu\u00ed para ayudarte a optimizar tu energ\u00eda<br>En ENERG\u00cdA VALENCIANA SL trabajamos cada d\u00eda para ofrecer soluciones energ\u00e9ticas eficientes, transparentes y adaptadas a las necesidades reales de nuestros clientes. Si deseas informaci\u00f3n sobre nuestros servicios, solicitar un estudio personalizado o resolver cualquier duda, solo tienes que rellenar este formulario.<br>Nuestro equipo t\u00e9cnico y comercial revisar\u00e1 tu solicitud y se pondr\u00e1 en contacto contigo lo antes posible para ofrecerte una respuesta clara y \u00fatil.<br><\/summary>\n<p>\u00bfQu\u00e9 puedes consultarnos?<br>&#8211; Estudios de eficiencia energ\u00e9tica<br>&#8211; Instalaciones fotovoltaicas para empresas y particulares<br>&#8211; Optimizaci\u00f3n de contratos y tarifas<br>&#8211; Proyectos industriales y mantenimiento<br>&#8211; Consultas t\u00e9cnicas o administrativas<br>Tu mensaje es importante para nosotros. Cu\u00e9ntanos qu\u00e9 necesitas y te acompa\u00f1aremos en todo el proceso.<\/p>\n<\/details>\n<\/div>\n<\/div>\n\n\n<style id=\"wpforms-css-vars-182-block-b94557b1-0b9e-4f19-ae94-a22a69b57248\">\n\t\t\t\t#wpforms-182.wpforms-block-b94557b1-0b9e-4f19-ae94-a22a69b57248 {\n\t\t\t\t--wpforms-field-border-style: dotted;\n--wpforms-field-border-color: rgba(0, 0, 0, 0.25);\n--wpforms-field-border-color-spare: rgba(0, 0, 0, 0.25);\n--wpforms-field-text-color: rgba(0, 0, 0, 0.7);\n--wpforms-label-color: #0b448a;\n--wpforms-label-sublabel-color: rgba(0, 0, 0, 0.55);\n--wpforms-field-size-input-height: 31px;\n--wpforms-field-size-input-spacing: 10px;\n--wpforms-field-size-font-size: 14px;\n--wpforms-field-size-line-height: 17px;\n--wpforms-field-size-padding-h: 9px;\n--wpforms-field-size-checkbox-size: 14px;\n--wpforms-field-size-sublabel-spacing: 5px;\n--wpforms-field-size-icon-size: 0.75;\n--wpforms-label-size-font-size: 14px;\n--wpforms-label-size-line-height: 17px;\n--wpforms-label-size-sublabel-font-size: 13px;\n--wpforms-label-size-sublabel-line-height: 16px;\n--wpforms-button-size-font-size: 17px;\n--wpforms-button-size-height: 41px;\n--wpforms-button-size-padding-h: 15px;\n--wpforms-button-size-margin-top: 10px;\n\t\t\t}\n\t\t\t<\/style><div class=\"wpforms-container wpforms-container-full wpforms-block wpforms-block-b94557b1-0b9e-4f19-ae94-a22a69b57248 wpforms-render-modern\" id=\"wpforms-182\"><form id=\"wpforms-form-182\" class=\"wpforms-validate wpforms-form wpforms-ajax-form\" data-formid=\"182\" method=\"post\" enctype=\"multipart\/form-data\" action=\"\/index.php?rest_route=%2Fwp%2Fv2%2Fpages%2F189\" data-token=\"e96154cf7b95be8924b4dd07741b7455\" data-token-time=\"1777984989\"><noscript class=\"wpforms-error-noscript\">Por favor, activa JavaScript en tu navegador para completar este formulario.<\/noscript><div id=\"wpforms-error-noscript\" style=\"display: none;\">Por favor, activa JavaScript en tu navegador para completar este formulario.<\/div><div class=\"wpforms-field-container\">\t\t<div id=\"wpforms-182-field_5-container\"\n\t\t\tclass=\"wpforms-field wpforms-field-text\"\n\t\t\tdata-field-type=\"text\"\n\t\t\tdata-field-id=\"5\"\n\t\t\t>\n\t\t\t<label class=\"wpforms-field-label\" for=\"wpforms-182-field_5\" >Nombre contacto de<\/label>\n\t\t\t<input type=\"text\" id=\"wpforms-182-field_5\" class=\"wpforms-field-medium\" name=\"wpforms[fields][5]\" >\n\t\t<\/div>\n\t\t<div id=\"wpforms-182-field_1-container\" class=\"wpforms-field wpforms-field-name\" data-field-id=\"1\"><fieldset><legend class=\"wpforms-field-label\">Nombre <span class=\"wpforms-required-label\" aria-hidden=\"true\">*<\/span><\/legend><div class=\"wpforms-field-row wpforms-field-medium\"><div class=\"wpforms-field-row-block wpforms-first wpforms-one-half\"><input type=\"text\" id=\"wpforms-182-field_1\" class=\"wpforms-field-name-first wpforms-field-required\" name=\"wpforms[fields][1][first]\" aria-errormessage=\"wpforms-182-field_1-error\" required><label for=\"wpforms-182-field_1\" class=\"wpforms-field-sublabel after\">Nombre<\/label><\/div><div class=\"wpforms-field-row-block wpforms-one-half\"><input type=\"text\" id=\"wpforms-182-field_1-last\" class=\"wpforms-field-name-last wpforms-field-required\" name=\"wpforms[fields][1][last]\" aria-errormessage=\"wpforms-182-field_1-last-error\" required><label for=\"wpforms-182-field_1-last\" class=\"wpforms-field-sublabel after\">Apellidos<\/label><\/div><\/div><\/fieldset><\/div><div id=\"wpforms-182-field_4-container\" class=\"wpforms-field wpforms-field-number\" data-field-id=\"4\"><label class=\"wpforms-field-label\" for=\"wpforms-182-field_4\">N\u00ba tel\u00e9fono de contacto <span class=\"wpforms-required-label\" aria-hidden=\"true\">*<\/span><\/label><input type=\"number\" id=\"wpforms-182-field_4\" class=\"wpforms-field-small wpforms-field-required\" name=\"wpforms[fields][4]\" step=\"any\" aria-errormessage=\"wpforms-182-field_4-error\" required><\/div><div id=\"wpforms-182-field_2-container\" class=\"wpforms-field wpforms-field-email\" data-field-id=\"2\"><label class=\"wpforms-field-label\" for=\"wpforms-182-field_2\">Correo electr\u00f3nico <span class=\"wpforms-required-label\" aria-hidden=\"true\">*<\/span><\/label><input type=\"email\" id=\"wpforms-182-field_2\" class=\"wpforms-field-medium wpforms-field-required\" name=\"wpforms[fields][2]\" spellcheck=\"false\" aria-errormessage=\"wpforms-182-field_2-error\" required><\/div><div id=\"wpforms-182-field_3-container\" class=\"wpforms-field wpforms-field-textarea\" data-field-id=\"3\"><label class=\"wpforms-field-label\" for=\"wpforms-182-field_3\">D\u00e9jenos su mensaje <span class=\"wpforms-required-label\" aria-hidden=\"true\">*<\/span><\/label><textarea id=\"wpforms-182-field_3\" class=\"wpforms-field-medium wpforms-field-required wpforms-limit-characters-enabled\" data-form-id=\"182\" data-field-id=\"3\" data-text-limit=\"300\" name=\"wpforms[fields][3]\" aria-errormessage=\"wpforms-182-field_3-error\" maxlength=\"300\" required><\/textarea><\/div><script>\n\t\t\t\t( function() {\n\t\t\t\t\tconst style = document.createElement( 'style' );\n\t\t\t\t\tstyle.appendChild( document.createTextNode( '#wpforms-182-field_5-container { position: absolute !important; overflow: hidden !important; display: inline !important; height: 1px !important; width: 1px !important; z-index: -1000 !important; padding: 0 !important; } #wpforms-182-field_5-container input { visibility: hidden; } #wpforms-conversational-form-page #wpforms-182-field_5-container label { counter-increment: none; }' ) );\n\t\t\t\t\tdocument.head.appendChild( style );\n\t\t\t\t\tdocument.currentScript?.remove();\n\t\t\t\t} )();\n\t\t\t<\/script><\/div><!-- .wpforms-field-container --><div class=\"wpforms-submit-container\" ><input type=\"hidden\" name=\"wpforms[id]\" value=\"182\"><input type=\"hidden\" name=\"page_title\" value=\"\"><input type=\"hidden\" name=\"page_url\" value=\"https:\/\/enerval.net\/index.php?rest_route=\/wp\/v2\/pages\/189\"><input type=\"hidden\" name=\"url_referer\" value=\"\"><button type=\"submit\" name=\"wpforms[submit]\" id=\"wpforms-submit-182\" class=\"wpforms-submit\" data-alt-text=\"Enviando...\" data-submit-text=\"Enviar\" aria-live=\"assertive\" value=\"wpforms-submit\">Enviar<\/button><img loading=\"lazy\" decoding=\"async\" src=\"https:\/\/enerval.net\/wp-content\/plugins\/wpforms-lite\/assets\/images\/submit-spin.svg\" class=\"wpforms-submit-spinner\" style=\"display: none;\" width=\"26\" height=\"26\" alt=\"Cargando\"><\/div><\/form><\/div>  <!-- .wpforms-container -->","protected":false},"excerpt":{"rendered":"","protected":false},"author":1,"featured_media":0,"parent":0,"menu_order":0,"comment_status":"closed","ping_status":"closed","template":"","meta":{"footnotes":""},"class_list":["post-189","page","type-page","status-publish","hentry"],"_links":{"self":[{"href":"https:\/\/enerval.net\/index.php?rest_route=\/wp\/v2\/pages\/189","targetHints":{"allow":["GET"]}}],"collection":[{"href":"https:\/\/enerval.net\/index.php?rest_route=\/wp\/v2\/pages"}],"about":[{"href":"https:\/\/enerval.net\/index.php?rest_route=\/wp\/v2\/types\/page"}],"author":[{"embeddable":true,"href":"https:\/\/enerval.net\/index.php?rest_route=\/wp\/v2\/users\/1"}],"replies":[{"embeddable":true,"href":"https:\/\/enerval.net\/index.php?rest_route=%2Fwp%2Fv2%2Fcomments&post=189"}],"version-history":[{"count":2,"href":"https:\/\/enerval.net\/index.php?rest_route=\/wp\/v2\/pages\/189\/revisions"}],"predecessor-version":[{"id":193,"href":"https:\/\/enerval.net\/index.php?rest_route=\/wp\/v2\/pages\/189\/revisions\/193"}],"wp:attachment":[{"href":"https:\/\/enerval.net\/index.php?rest_route=%2Fwp%2Fv2%2Fmedia&parent=189"}],"curies":[{"name":"wp","href":"https:\/\/api.w.org\/{rel}","templated":true}]}}