{"id":28,"date":"2016-04-16T21:36:36","date_gmt":"2016-04-16T21:36:36","guid":{"rendered":"https:\/\/enerval.net\/?page_id=28"},"modified":"2017-11-12T15:52:09","modified_gmt":"2017-11-12T15:52:09","slug":"otros-servicios","status":"publish","type":"page","link":"https:\/\/enerval.net\/?page_id=28","title":{"rendered":"Otros Servicios"},"content":{"rendered":"<p>Desde Enerval tambi\u00e9n podemos ofrecerle los siguientes servicios adicionales para sus instalaciones y comunidades:<\/p>\n<p><strong>&#8211; Puertas Autom\u00e1ticas.<\/strong><\/p>\n<p><strong>&#8211; Automatizaci\u00f3n y mantenimiento de puertas de garaje correderas,<\/strong> basculantes\u2026<\/p>\n<p>&#8211; <strong>Aire Acondicionado.<br \/>\n<\/strong><\/p>\n<ul>\n<li>Instalaci\u00f3n y reparaci\u00f3n de Aires Acondicionados.<\/li>\n<\/ul>\n<p><strong>&#8211; Sistemas de detecci\u00f3n y extinci\u00f3n de incendios.<br \/>\n<\/strong><\/p>\n<p><strong>&#8211; Grupos y Bombas de Presi\u00f3n.<br \/>\n<\/strong><\/p>\n<p><strong>&#8211; R\u00f3tulos luminosos.<\/strong><\/p>\n","protected":false},"excerpt":{"rendered":"<p>Desde Enerval tambi\u00e9n podemos ofrecerle los siguientes servicios adicionales para sus instalaciones y comunidades: &#8211; Puertas Autom\u00e1ticas. &#8211; Automatizaci\u00f3n y mantenimiento de puertas de garaje correderas, basculantes\u2026 &#8211; Aire Acondicionado. Instalaci\u00f3n y reparaci\u00f3n de Aires Acondicionados. &#8211; Sistemas de detecci\u00f3n y extinci\u00f3n de incendios. &#8211; Grupos y Bombas de Presi\u00f3n. &#8211; R\u00f3tulos luminosos.<\/p>\n","protected":false},"author":1,"featured_media":0,"parent":0,"menu_order":0,"comment_status":"closed","ping_status":"closed","template":"","meta":{"footnotes":""},"class_list":["post-28","page","type-page","status-publish","hentry"],"_links":{"self":[{"href":"https:\/\/enerval.net\/index.php?rest_route=\/wp\/v2\/pages\/28","targetHints":{"allow":["GET"]}}],"collection":[{"href":"https:\/\/enerval.net\/index.php?rest_route=\/wp\/v2\/pages"}],"about":[{"href":"https:\/\/enerval.net\/index.php?rest_route=\/wp\/v2\/types\/page"}],"author":[{"embeddable":true,"href":"https:\/\/enerval.net\/index.php?rest_route=\/wp\/v2\/users\/1"}],"replies":[{"embeddable":true,"href":"https:\/\/enerval.net\/index.php?rest_route=%2Fwp%2Fv2%2Fcomments&post=28"}],"version-history":[{"count":6,"href":"https:\/\/enerval.net\/index.php?rest_route=\/wp\/v2\/pages\/28\/revisions"}],"predecessor-version":[{"id":41,"href":"https:\/\/enerval.net\/index.php?rest_route=\/wp\/v2\/pages\/28\/revisions\/41"}],"wp:attachment":[{"href":"https:\/\/enerval.net\/index.php?rest_route=%2Fwp%2Fv2%2Fmedia&parent=28"}],"curies":[{"name":"wp","href":"https:\/\/api.w.org\/{rel}","templated":true}]}}